{"id":196,"date":"2022-02-18T18:48:59","date_gmt":"2022-02-18T18:48:59","guid":{"rendered":"https:\/\/legacy-groupservices.com\/?page_id=196"},"modified":"2025-01-16T13:42:43","modified_gmt":"2025-01-16T13:42:43","slug":"contacto","status":"publish","type":"page","link":"https:\/\/legacy-groupservices.com\/en\/contacto\/","title":{"rendered":"Contact"},"content":{"rendered":"\t\t<div data-elementor-type=\"wp-page\" data-elementor-id=\"196\" class=\"elementor elementor-196\" data-elementor-post-type=\"page\">\n\t\t\t\t\t\t<section class=\"elementor-section elementor-top-section elementor-element elementor-element-5c0e0234 elementor-section-boxed elementor-section-height-default elementor-section-height-default\" data-id=\"5c0e0234\" data-element_type=\"section\" data-e-type=\"section\" data-settings=\"{&quot;background_background&quot;:&quot;classic&quot;}\">\n\t\t\t\t\t\t<div class=\"elementor-container elementor-column-gap-default\">\n\t\t\t\t\t<div class=\"elementor-column elementor-col-100 elementor-top-column elementor-element elementor-element-8cbb9b3\" data-id=\"8cbb9b3\" data-element_type=\"column\" data-e-type=\"column\">\n\t\t\t<div class=\"elementor-widget-wrap elementor-element-populated\">\n\t\t\t\t\t\t<div class=\"elementor-element elementor-element-44259c09 elementor-widget elementor-widget-heading\" data-id=\"44259c09\" data-element_type=\"widget\" data-e-type=\"widget\" data-widget_type=\"heading.default\">\n\t\t\t\t<div class=\"elementor-widget-container\">\n\t\t\t\t\t<h2 class=\"elementor-heading-title elementor-size-default\">CONTACTO<\/h2>\t\t\t\t<\/div>\n\t\t\t\t<\/div>\n\t\t\t\t\t<\/div>\n\t\t<\/div>\n\t\t\t\t\t<\/div>\n\t\t<\/section>\n\t\t\t\t<section class=\"elementor-section elementor-top-section elementor-element elementor-element-36b07749 elementor-section-height-min-height elementor-section-content-middle elementor-section-items-top elementor-section-boxed elementor-section-height-default\" data-id=\"36b07749\" data-element_type=\"section\" data-e-type=\"section\">\n\t\t\t\t\t\t<div class=\"elementor-container elementor-column-gap-no\">\n\t\t\t\t\t<div class=\"elementor-column elementor-col-100 elementor-top-column elementor-element elementor-element-79544e2e\" data-id=\"79544e2e\" data-element_type=\"column\" data-e-type=\"column\">\n\t\t\t<div class=\"elementor-widget-wrap elementor-element-populated\">\n\t\t\t\t\t\t<div class=\"elementor-element elementor-element-14857c3 elementor-widget elementor-widget-heading\" data-id=\"14857c3\" data-element_type=\"widget\" data-e-type=\"widget\" data-widget_type=\"heading.default\">\n\t\t\t\t<div class=\"elementor-widget-container\">\n\t\t\t\t\t<h2 class=\"elementor-heading-title elementor-size-default\">H\u00e1blanos de tu Requerimiento<\/h2>\t\t\t\t<\/div>\n\t\t\t\t<\/div>\n\t\t\t\t<section class=\"elementor-section elementor-inner-section elementor-element elementor-element-2e97699a elementor-section-content-middle elementor-section-boxed elementor-section-height-default elementor-section-height-default\" data-id=\"2e97699a\" data-element_type=\"section\" data-e-type=\"section\">\n\t\t\t\t\t\t<div class=\"elementor-container elementor-column-gap-no\">\n\t\t\t\t\t<div class=\"elementor-column elementor-col-33 elementor-inner-column elementor-element elementor-element-4b236042\" data-id=\"4b236042\" data-element_type=\"column\" data-e-type=\"column\">\n\t\t\t<div class=\"elementor-widget-wrap elementor-element-populated\">\n\t\t\t\t\t\t<div class=\"elementor-element elementor-element-0360954 elementor-hidden-tablet elementor-hidden-mobile elementor-widget elementor-widget-spacer\" data-id=\"0360954\" data-element_type=\"widget\" data-e-type=\"widget\" data-widget_type=\"spacer.default\">\n\t\t\t\t<div class=\"elementor-widget-container\">\n\t\t\t\t\t\t\t<div class=\"elementor-spacer\">\n\t\t\t<div class=\"elementor-spacer-inner\"><\/div>\n\t\t<\/div>\n\t\t\t\t\t\t<\/div>\n\t\t\t\t<\/div>\n\t\t\t\t<div class=\"elementor-element elementor-element-61523871 elementor-widget elementor-widget-heading\" data-id=\"61523871\" data-element_type=\"widget\" data-e-type=\"widget\" data-widget_type=\"heading.default\">\n\t\t\t\t<div class=\"elementor-widget-container\">\n\t\t\t\t\t<h6 class=\"elementor-heading-title elementor-size-default\">Tel\u00e9fono: +507 282-3400<\/h6>\t\t\t\t<\/div>\n\t\t\t\t<\/div>\n\t\t\t\t<div class=\"elementor-element elementor-element-68c4bba elementor-widget elementor-widget-heading\" data-id=\"68c4bba\" data-element_type=\"widget\" data-e-type=\"widget\" data-widget_type=\"heading.default\">\n\t\t\t\t<div class=\"elementor-widget-container\">\n\t\t\t\t\t<h6 class=\"elementor-heading-title elementor-size-default\">Email: info@legacy-groupservices.com\n<\/h6>\t\t\t\t<\/div>\n\t\t\t\t<\/div>\n\t\t\t\t<div class=\"elementor-element elementor-element-2fb6069 elementor-widget elementor-widget-heading\" data-id=\"2fb6069\" data-element_type=\"widget\" data-e-type=\"widget\" data-widget_type=\"heading.default\">\n\t\t\t\t<div class=\"elementor-widget-container\">\n\t\t\t\t\t<h6 class=\"elementor-heading-title elementor-size-default\">Correo: P.O. BOX 0832 - 02726 WTC, Panam\u00e1<\/h6>\t\t\t\t<\/div>\n\t\t\t\t<\/div>\n\t\t\t\t\t<\/div>\n\t\t<\/div>\n\t\t\t\t<div class=\"elementor-column elementor-col-33 elementor-inner-column elementor-element elementor-element-5831a969\" data-id=\"5831a969\" data-element_type=\"column\" data-e-type=\"column\">\n\t\t\t<div class=\"elementor-widget-wrap elementor-element-populated\">\n\t\t\t\t\t\t<div class=\"elementor-element elementor-element-5edc1e5c elementor-button-align-stretch elementor-widget elementor-widget-form\" data-id=\"5edc1e5c\" data-element_type=\"widget\" data-e-type=\"widget\" data-settings=\"{&quot;step_next_label&quot;:&quot;Next&quot;,&quot;step_previous_label&quot;:&quot;Previous&quot;,&quot;button_width&quot;:&quot;100&quot;,&quot;step_type&quot;:&quot;number_text&quot;,&quot;step_icon_shape&quot;:&quot;circle&quot;}\" data-widget_type=\"form.default\">\n\t\t\t\t<div class=\"elementor-widget-container\">\n\t\t\t\t\t\t\t<form class=\"elementor-form\" method=\"post\" name=\"New Form\">\n\t\t\t<input type=\"hidden\" name=\"post_id\" value=\"196\"\/>\n\t\t\t<input type=\"hidden\" name=\"form_id\" value=\"5edc1e5c\"\/>\n\t\t\t<input type=\"hidden\" name=\"referer_title\" value=\"Legacy Group Service |\" \/>\n\n\t\t\t\t\t\t\t<input type=\"hidden\" name=\"queried_id\" value=\"196\"\/>\n\t\t\t\n\t\t\t<div class=\"elementor-form-fields-wrapper elementor-labels-\">\n\t\t\t\t\t\t\t\t<div class=\"elementor-field-type-text elementor-field-group elementor-column elementor-field-group-name elementor-col-100\">\n\t\t\t\t\t\t\t\t\t\t\t\t<label for=\"form-field-name\" class=\"elementor-field-label elementor-screen-only\">\n\t\t\t\t\t\t\t\tNombre\t\t\t\t\t\t\t<\/label>\n\t\t\t\t\t\t\t\t\t\t\t\t\t\t<input size=\"1\" type=\"text\" name=\"form_fields[name]\" id=\"form-field-name\" class=\"elementor-field elementor-size-sm  elementor-field-textual\" placeholder=\"Nombre\">\n\t\t\t\t\t\t\t\t\t\t\t<\/div>\n\t\t\t\t\t\t\t\t<div class=\"elementor-field-type-email elementor-field-group elementor-column elementor-field-group-email elementor-col-100 elementor-field-required\">\n\t\t\t\t\t\t\t\t\t\t\t\t<label for=\"form-field-email\" class=\"elementor-field-label elementor-screen-only\">\n\t\t\t\t\t\t\t\tEmail\t\t\t\t\t\t\t<\/label>\n\t\t\t\t\t\t\t\t\t\t\t\t\t\t<input size=\"1\" type=\"email\" name=\"form_fields[email]\" id=\"form-field-email\" class=\"elementor-field elementor-size-sm  elementor-field-textual\" placeholder=\"Email\" required=\"required\" aria-required=\"true\">\n\t\t\t\t\t\t\t\t\t\t\t<\/div>\n\t\t\t\t\t\t\t\t<div class=\"elementor-field-type-tel elementor-field-group elementor-column elementor-field-group-field_b803693 elementor-col-100 elementor-field-required\">\n\t\t\t\t\t\t\t\t\t\t\t\t<label for=\"form-field-field_b803693\" class=\"elementor-field-label elementor-screen-only\">\n\t\t\t\t\t\t\t\tTel\u00e9fono\t\t\t\t\t\t\t<\/label>\n\t\t\t\t\t\t\t\t<input size=\"1\" type=\"tel\" name=\"form_fields[field_b803693]\" id=\"form-field-field_b803693\" class=\"elementor-field elementor-size-sm  elementor-field-textual\" placeholder=\"Tel\u00e9fono\" required=\"required\" aria-required=\"true\" pattern=\"[0-9()#&amp;+*-=.]+\" title=\"Solo se aceptan n\u00fameros y caracteres de tel\u00e9fono (#,-,*,etc).\">\n\n\t\t\t\t\t\t<\/div>\n\t\t\t\t\t\t\t\t<div class=\"elementor-field-type-select elementor-field-group elementor-column elementor-field-group-field_9b8403e elementor-col-100\">\n\t\t\t\t\t\t\t\t\t\t\t\t<label for=\"form-field-field_9b8403e\" class=\"elementor-field-label elementor-screen-only\">\n\t\t\t\t\t\t\t\tServicio \t\t\t\t\t\t\t<\/label>\n\t\t\t\t\t\t\t\t<div class=\"elementor-field elementor-select-wrapper remove-before \">\n\t\t\t<div class=\"select-caret-down-wrapper\">\n\t\t\t\t<i aria-hidden=\"true\" class=\"eicon-caret-down\"><\/i>\t\t\t<\/div>\n\t\t\t<select name=\"form_fields[field_9b8403e]\" id=\"form-field-field_9b8403e\" class=\"elementor-field-textual elementor-size-sm\">\n\t\t\t\t\t\t\t\t\t<option value=\"Seleccione el Servicio que le interesa\">Seleccione el Servicio que le interesa<\/option>\n\t\t\t\t\t\t\t\t\t<option value=\"Negocios e Inversiones\">Negocios e Inversiones<\/option>\n\t\t\t\t\t\t\t\t\t<option value=\"Asesor\u00eda Corporativa\">Asesor\u00eda Corporativa<\/option>\n\t\t\t\t\t\t\t\t\t<option value=\"Asesor\u00eda en Adquisici\u00f3n de Bienes Inmuebles\">Asesor\u00eda en Adquisici\u00f3n de Bienes Inmuebles<\/option>\n\t\t\t\t\t\t\t\t\t<option value=\"Asesor\u00eda en Inversi\u00f3n en Criptomonedas\">Asesor\u00eda en Inversi\u00f3n en Criptomonedas<\/option>\n\t\t\t\t\t\t\t\t\t<option value=\"Asesor\u00eda en Licitaciones\">Asesor\u00eda en Licitaciones<\/option>\n\t\t\t\t\t\t\t\t\t<option value=\"Tr\u00e1mites Migratorios\">Tr\u00e1mites Migratorios<\/option>\n\t\t\t\t\t\t\t\t\t<option value=\"Tr\u00e1mites Administrativos\">Tr\u00e1mites Administrativos<\/option>\n\t\t\t\t\t\t\t\t\t<option value=\"Contratos, sucesi\u00f3n y litigio civil\">Contratos, sucesi\u00f3n y litigio civil<\/option>\n\t\t\t\t\t\t\t<\/select>\n\t\t<\/div>\n\t\t\t\t\t\t<\/div>\n\t\t\t\t\t\t\t\t<div class=\"elementor-field-type-textarea elementor-field-group elementor-column elementor-field-group-message elementor-col-100\">\n\t\t\t\t\t\t\t\t\t\t\t\t<label for=\"form-field-message\" class=\"elementor-field-label elementor-screen-only\">\n\t\t\t\t\t\t\t\tComentarios\t\t\t\t\t\t\t<\/label>\n\t\t\t\t\t\t<textarea class=\"elementor-field-textual elementor-field  elementor-size-sm\" name=\"form_fields[message]\" id=\"form-field-message\" rows=\"4\" placeholder=\"Comentarios\"><\/textarea>\t\t\t\t<\/div>\n\t\t\t\t\t\t\t\t<div class=\"elementor-field-type-recaptcha elementor-field-group elementor-column elementor-field-group-field_e15b99b elementor-col-100\">\n\t\t\t\t\t<div class=\"elementor-field\" id=\"form-field-field_e15b99b\"><div class=\"elementor-g-recaptcha\" data-sitekey=\"6LdGSoYeAAAAAIHyO-O7qxc1cpfE6UaJbP-8Nh74\" data-type=\"v2_checkbox\" data-theme=\"light\" data-size=\"normal\"><\/div><\/div>\t\t\t\t<\/div>\n\t\t\t\t\t\t\t\t<div class=\"elementor-field-group elementor-column elementor-field-type-submit elementor-col-100 e-form__buttons\">\n\t\t\t\t\t<button class=\"elementor-button elementor-size-sm elementor-animation-grow\" type=\"submit\">\n\t\t\t\t\t\t<span class=\"elementor-button-content-wrapper\">\n\t\t\t\t\t\t\t\t\t\t\t\t\t\t\t\t\t\t\t\t\t\t<span class=\"elementor-button-text\">Enviar Mensaje<\/span>\n\t\t\t\t\t\t\t\t\t\t\t\t\t<\/span>\n\t\t\t\t\t<\/button>\n\t\t\t\t<\/div>\n\t\t\t<\/div>\n\t\t<\/form>\n\t\t\t\t\t\t<\/div>\n\t\t\t\t<\/div>\n\t\t\t\t<div class=\"elementor-element elementor-element-037fd72 elementor-widget elementor-widget-text-editor\" data-id=\"037fd72\" data-element_type=\"widget\" data-e-type=\"widget\" data-widget_type=\"text-editor.default\">\n\t\t\t\t<div class=\"elementor-widget-container\">\n\t\t\t\t\t\t\t\t\t<p>LEGACY GROUP SERVICES gestiona toda la informaci\u00f3n proporcionada de manera confidencial y la misma no ser\u00e1 usada para fines comerciales o publicitarios.<\/p>\t\t\t\t\t\t\t\t<\/div>\n\t\t\t\t<\/div>\n\t\t\t\t\t<\/div>\n\t\t<\/div>\n\t\t\t\t<div class=\"elementor-column elementor-col-33 elementor-inner-column elementor-element elementor-element-17ed59e1\" data-id=\"17ed59e1\" data-element_type=\"column\" data-e-type=\"column\">\n\t\t\t<div class=\"elementor-widget-wrap elementor-element-populated\">\n\t\t\t\t\t\t<div class=\"elementor-element elementor-element-23f168f elementor-hidden-tablet elementor-hidden-mobile elementor-widget elementor-widget-spacer\" data-id=\"23f168f\" data-element_type=\"widget\" data-e-type=\"widget\" data-widget_type=\"spacer.default\">\n\t\t\t\t<div class=\"elementor-widget-container\">\n\t\t\t\t\t\t\t<div class=\"elementor-spacer\">\n\t\t\t<div class=\"elementor-spacer-inner\"><\/div>\n\t\t<\/div>\n\t\t\t\t\t\t<\/div>\n\t\t\t\t<\/div>\n\t\t\t\t<div class=\"elementor-element elementor-element-9ca7b32 elementor-widget elementor-widget-heading\" data-id=\"9ca7b32\" data-element_type=\"widget\" data-e-type=\"widget\" data-widget_type=\"heading.default\">\n\t\t\t\t<div class=\"elementor-widget-container\">\n\t\t\t\t\t<h6 class=\"elementor-heading-title elementor-size-default\">Direcci\u00f3n: Sortis Business Tower, Piso 7, Oficina 7C, Ciudad de Panam\u00e1.<\/h6>\t\t\t\t<\/div>\n\t\t\t\t<\/div>\n\t\t\t\t<div class=\"elementor-element elementor-element-de04267 elementor-widget elementor-widget-heading\" data-id=\"de04267\" data-element_type=\"widget\" data-e-type=\"widget\" data-widget_type=\"heading.default\">\n\t\t\t\t<div class=\"elementor-widget-container\">\n\t\t\t\t\t<h6 class=\"elementor-heading-title elementor-size-default\">Horario: Lunes a Viernes<\/h6>\t\t\t\t<\/div>\n\t\t\t\t<\/div>\n\t\t\t\t<div class=\"elementor-element elementor-element-ec2be97 elementor-widget elementor-widget-heading\" data-id=\"ec2be97\" data-element_type=\"widget\" data-e-type=\"widget\" data-widget_type=\"heading.default\">\n\t\t\t\t<div class=\"elementor-widget-container\">\n\t\t\t\t\t<h6 class=\"elementor-heading-title elementor-size-default\">de 9:00 am a 5:00 pm<\/h6>\t\t\t\t<\/div>\n\t\t\t\t<\/div>\n\t\t\t\t<div class=\"elementor-element elementor-element-7dc8b1f4 e-grid-align-left e-grid-align-mobile-center e-grid-align-tablet-center elementor-shape-rounded elementor-grid-0 elementor-widget elementor-widget-social-icons\" data-id=\"7dc8b1f4\" data-element_type=\"widget\" data-e-type=\"widget\" data-widget_type=\"social-icons.default\">\n\t\t\t\t<div class=\"elementor-widget-container\">\n\t\t\t\t\t\t\t<div class=\"elementor-social-icons-wrapper elementor-grid\" role=\"list\">\n\t\t\t\t\t\t\t<span class=\"elementor-grid-item\" role=\"listitem\">\n\t\t\t\t\t<a class=\"elementor-icon elementor-social-icon elementor-social-icon-twitter elementor-animation-grow elementor-repeater-item-914746e\" href=\"https:\/\/twitter.com\/legacygroupserv\" target=\"_blank\">\n\t\t\t\t\t\t<span class=\"elementor-screen-only\">Twitter<\/span>\n\t\t\t\t\t\t<i aria-hidden=\"true\" class=\"fab fa-twitter\"><\/i>\t\t\t\t\t<\/a>\n\t\t\t\t<\/span>\n\t\t\t\t\t\t\t<span class=\"elementor-grid-item\" role=\"listitem\">\n\t\t\t\t\t<a class=\"elementor-icon elementor-social-icon elementor-social-icon-linkedin elementor-animation-grow elementor-repeater-item-12d4271\" href=\"https:\/\/www.linkedin.com\/company\/legacygroupserv\" target=\"_blank\">\n\t\t\t\t\t\t<span class=\"elementor-screen-only\">Linkedin<\/span>\n\t\t\t\t\t\t<i aria-hidden=\"true\" class=\"fab fa-linkedin\"><\/i>\t\t\t\t\t<\/a>\n\t\t\t\t<\/span>\n\t\t\t\t\t<\/div>\n\t\t\t\t\t\t<\/div>\n\t\t\t\t<\/div>\n\t\t\t\t\t<\/div>\n\t\t<\/div>\n\t\t\t\t\t<\/div>\n\t\t<\/section>\n\t\t\t\t\t<\/div>\n\t\t<\/div>\n\t\t\t\t\t<\/div>\n\t\t<\/section>\n\t\t\t\t<section class=\"elementor-section elementor-top-section elementor-element elementor-element-65974be2 elementor-section-boxed elementor-section-height-default elementor-section-height-default\" data-id=\"65974be2\" data-element_type=\"section\" data-e-type=\"section\" data-settings=\"{&quot;background_background&quot;:&quot;classic&quot;}\">\n\t\t\t\t\t\t<div class=\"elementor-container elementor-column-gap-default\">\n\t\t\t\t\t<div class=\"elementor-column elementor-col-100 elementor-top-column elementor-element elementor-element-1e959b9f\" data-id=\"1e959b9f\" data-element_type=\"column\" data-e-type=\"column\">\n\t\t\t<div class=\"elementor-widget-wrap elementor-element-populated\">\n\t\t\t\t\t\t<div class=\"elementor-element elementor-element-7d23805e elementor-widget elementor-widget-text-editor\" data-id=\"7d23805e\" data-element_type=\"widget\" data-e-type=\"widget\" data-widget_type=\"text-editor.default\">\n\t\t\t\t<div class=\"elementor-widget-container\">\n\t\t\t\t\t\t\t\t\t<p>Legacy Group Services &#8211; 2025.<\/p>\t\t\t\t\t\t\t\t<\/div>\n\t\t\t\t<\/div>\n\t\t\t\t\t<\/div>\n\t\t<\/div>\n\t\t\t\t\t<\/div>\n\t\t<\/section>\n\t\t\t\t<\/div>\n\t\t","protected":false},"excerpt":{"rendered":"<p>CONTACTO H\u00e1blanos de tu Requerimiento Tel\u00e9fono: +507 282-3400 Email: info@legacy-groupservices.com Correo: P.O. BOX 0832 &#8211; 02726 WTC, Panam\u00e1 LEGACY GROUP SERVICES gestiona toda la informaci\u00f3n proporcionada de manera confidencial y la misma no ser\u00e1 usada para fines comerciales o publicitarios. Direcci\u00f3n: Sortis Business Tower, Piso 7, Oficina 7C, Ciudad de Panam\u00e1. Horario: Lunes a Viernes [&hellip;]<\/p>\n","protected":false},"author":1,"featured_media":488,"parent":0,"menu_order":0,"comment_status":"closed","ping_status":"closed","template":"","meta":{"footnotes":""},"class_list":["post-196","page","type-page","status-publish","has-post-thumbnail","hentry"],"yoast_head":"<!-- This site is optimized with the Yoast SEO plugin v27.3 - https:\/\/yoast.com\/product\/yoast-seo-wordpress\/ -->\n<title>Legacy Group Service |<\/title>\n<meta name=\"description\" content=\"Somos una firma de abogados fundada en el 2016, con la misi\u00f3n de brindar a nuestros clientes un servicio personalizado, de calidad y eficiente.\" \/>\n<meta name=\"robots\" content=\"index, follow, max-snippet:-1, max-image-preview:large, max-video-preview:-1\" \/>\n<link rel=\"canonical\" href=\"https:\/\/legacy-groupservices.com\/en\/contacto\/\" \/>\n<meta property=\"og:locale\" content=\"en_US\" \/>\n<meta property=\"og:type\" content=\"article\" \/>\n<meta property=\"og:title\" content=\"Legacy Group Service |\" \/>\n<meta property=\"og:description\" content=\"Somos una firma de abogados fundada en el 2016, con la misi\u00f3n de brindar a nuestros clientes un servicio personalizado, de calidad y eficiente.\" \/>\n<meta property=\"og:url\" content=\"https:\/\/legacy-groupservices.com\/en\/contacto\/\" \/>\n<meta property=\"og:site_name\" content=\"Legacy Group Services\" \/>\n<meta property=\"article:modified_time\" content=\"2025-01-16T13:42:43+00:00\" \/>\n<meta property=\"og:image\" content=\"http:\/\/legacy-groupservices.com\/wp-content\/uploads\/2022\/02\/logoLegacy1080x1080.webp\" \/>\n\t<meta property=\"og:image:width\" content=\"1080\" \/>\n\t<meta property=\"og:image:height\" content=\"1080\" \/>\n\t<meta property=\"og:image:type\" content=\"image\/webp\" \/>\n<meta name=\"twitter:card\" content=\"summary_large_image\" \/>\n<meta name=\"twitter:label1\" content=\"Est. reading time\" \/>\n\t<meta name=\"twitter:data1\" content=\"1 minute\" \/>\n<script type=\"application\/ld+json\" class=\"yoast-schema-graph\">{\"@context\":\"https:\\\/\\\/schema.org\",\"@graph\":[{\"@type\":\"WebPage\",\"@id\":\"https:\\\/\\\/legacy-groupservices.com\\\/contacto\\\/\",\"url\":\"https:\\\/\\\/legacy-groupservices.com\\\/contacto\\\/\",\"name\":\"Legacy Group Service |\",\"isPartOf\":{\"@id\":\"https:\\\/\\\/legacy-groupservices.com\\\/#website\"},\"primaryImageOfPage\":{\"@id\":\"https:\\\/\\\/legacy-groupservices.com\\\/contacto\\\/#primaryimage\"},\"image\":{\"@id\":\"https:\\\/\\\/legacy-groupservices.com\\\/contacto\\\/#primaryimage\"},\"thumbnailUrl\":\"https:\\\/\\\/legacy-groupservices.com\\\/wp-content\\\/uploads\\\/2022\\\/02\\\/logoLegacy1080x1080.webp\",\"datePublished\":\"2022-02-18T18:48:59+00:00\",\"dateModified\":\"2025-01-16T13:42:43+00:00\",\"description\":\"Somos una firma de abogados fundada en el 2016, con la misi\u00f3n de brindar a nuestros clientes un servicio personalizado, de calidad y eficiente.\",\"breadcrumb\":{\"@id\":\"https:\\\/\\\/legacy-groupservices.com\\\/contacto\\\/#breadcrumb\"},\"inLanguage\":\"en-US\",\"potentialAction\":[{\"@type\":\"ReadAction\",\"target\":[\"https:\\\/\\\/legacy-groupservices.com\\\/contacto\\\/\"]}]},{\"@type\":\"ImageObject\",\"inLanguage\":\"en-US\",\"@id\":\"https:\\\/\\\/legacy-groupservices.com\\\/contacto\\\/#primaryimage\",\"url\":\"https:\\\/\\\/legacy-groupservices.com\\\/wp-content\\\/uploads\\\/2022\\\/02\\\/logoLegacy1080x1080.webp\",\"contentUrl\":\"https:\\\/\\\/legacy-groupservices.com\\\/wp-content\\\/uploads\\\/2022\\\/02\\\/logoLegacy1080x1080.webp\",\"width\":1080,\"height\":1080},{\"@type\":\"BreadcrumbList\",\"@id\":\"https:\\\/\\\/legacy-groupservices.com\\\/contacto\\\/#breadcrumb\",\"itemListElement\":[{\"@type\":\"ListItem\",\"position\":1,\"name\":\"Home\",\"item\":\"https:\\\/\\\/legacy-groupservices.com\\\/\"},{\"@type\":\"ListItem\",\"position\":2,\"name\":\"Contacto\"}]},{\"@type\":\"WebSite\",\"@id\":\"https:\\\/\\\/legacy-groupservices.com\\\/#website\",\"url\":\"https:\\\/\\\/legacy-groupservices.com\\\/\",\"name\":\"Legacy Group Services\",\"description\":\"Attorneys at Law\",\"publisher\":{\"@id\":\"https:\\\/\\\/legacy-groupservices.com\\\/#organization\"},\"potentialAction\":[{\"@type\":\"SearchAction\",\"target\":{\"@type\":\"EntryPoint\",\"urlTemplate\":\"https:\\\/\\\/legacy-groupservices.com\\\/?s={search_term_string}\"},\"query-input\":{\"@type\":\"PropertyValueSpecification\",\"valueRequired\":true,\"valueName\":\"search_term_string\"}}],\"inLanguage\":\"en-US\"},{\"@type\":\"Organization\",\"@id\":\"https:\\\/\\\/legacy-groupservices.com\\\/#organization\",\"name\":\"Legacy Group Service\",\"url\":\"https:\\\/\\\/legacy-groupservices.com\\\/\",\"logo\":{\"@type\":\"ImageObject\",\"inLanguage\":\"en-US\",\"@id\":\"https:\\\/\\\/legacy-groupservices.com\\\/#\\\/schema\\\/logo\\\/image\\\/\",\"url\":\"http:\\\/\\\/legacy-groupservices.com\\\/wp-content\\\/uploads\\\/2022\\\/02\\\/logoLegacy1080x1080.webp\",\"contentUrl\":\"http:\\\/\\\/legacy-groupservices.com\\\/wp-content\\\/uploads\\\/2022\\\/02\\\/logoLegacy1080x1080.webp\",\"width\":1080,\"height\":1080,\"caption\":\"Legacy Group Service\"},\"image\":{\"@id\":\"https:\\\/\\\/legacy-groupservices.com\\\/#\\\/schema\\\/logo\\\/image\\\/\"}}]}<\/script>\n<!-- \/ Yoast SEO plugin. -->","yoast_head_json":{"title":"Legacy Group Service |","description":"We are a law firm founded in 2016, with the mission of providing our clients with a personalized, quality and efficient service.","robots":{"index":"index","follow":"follow","max-snippet":"max-snippet:-1","max-image-preview":"max-image-preview:large","max-video-preview":"max-video-preview:-1"},"canonical":"https:\/\/legacy-groupservices.com\/en\/contacto\/","og_locale":"en_US","og_type":"article","og_title":"Legacy Group Service |","og_description":"Somos una firma de abogados fundada en el 2016, con la misi\u00f3n de brindar a nuestros clientes un servicio personalizado, de calidad y eficiente.","og_url":"https:\/\/legacy-groupservices.com\/en\/contacto\/","og_site_name":"Legacy Group Services","article_modified_time":"2025-01-16T13:42:43+00:00","og_image":[{"width":1080,"height":1080,"url":"http:\/\/legacy-groupservices.com\/wp-content\/uploads\/2022\/02\/logoLegacy1080x1080.webp","type":"image\/webp"}],"twitter_card":"summary_large_image","twitter_misc":{"Est. reading time":"1 minute"},"schema":{"@context":"https:\/\/schema.org","@graph":[{"@type":"WebPage","@id":"https:\/\/legacy-groupservices.com\/contacto\/","url":"https:\/\/legacy-groupservices.com\/contacto\/","name":"Legacy Group Service |","isPartOf":{"@id":"https:\/\/legacy-groupservices.com\/#website"},"primaryImageOfPage":{"@id":"https:\/\/legacy-groupservices.com\/contacto\/#primaryimage"},"image":{"@id":"https:\/\/legacy-groupservices.com\/contacto\/#primaryimage"},"thumbnailUrl":"https:\/\/legacy-groupservices.com\/wp-content\/uploads\/2022\/02\/logoLegacy1080x1080.webp","datePublished":"2022-02-18T18:48:59+00:00","dateModified":"2025-01-16T13:42:43+00:00","description":"We are a law firm founded in 2016, with the mission of providing our clients with a personalized, quality and efficient service.","breadcrumb":{"@id":"https:\/\/legacy-groupservices.com\/contacto\/#breadcrumb"},"inLanguage":"en-US","potentialAction":[{"@type":"ReadAction","target":["https:\/\/legacy-groupservices.com\/contacto\/"]}]},{"@type":"ImageObject","inLanguage":"en-US","@id":"https:\/\/legacy-groupservices.com\/contacto\/#primaryimage","url":"https:\/\/legacy-groupservices.com\/wp-content\/uploads\/2022\/02\/logoLegacy1080x1080.webp","contentUrl":"https:\/\/legacy-groupservices.com\/wp-content\/uploads\/2022\/02\/logoLegacy1080x1080.webp","width":1080,"height":1080},{"@type":"BreadcrumbList","@id":"https:\/\/legacy-groupservices.com\/contacto\/#breadcrumb","itemListElement":[{"@type":"ListItem","position":1,"name":"Home","item":"https:\/\/legacy-groupservices.com\/"},{"@type":"ListItem","position":2,"name":"Contacto"}]},{"@type":"WebSite","@id":"https:\/\/legacy-groupservices.com\/#website","url":"https:\/\/legacy-groupservices.com\/","name":"Legacy Group Services","description":"Attorneys at Law","publisher":{"@id":"https:\/\/legacy-groupservices.com\/#organization"},"potentialAction":[{"@type":"SearchAction","target":{"@type":"EntryPoint","urlTemplate":"https:\/\/legacy-groupservices.com\/?s={search_term_string}"},"query-input":{"@type":"PropertyValueSpecification","valueRequired":true,"valueName":"search_term_string"}}],"inLanguage":"en-US"},{"@type":"Organization","@id":"https:\/\/legacy-groupservices.com\/#organization","name":"Legacy Group Service","url":"https:\/\/legacy-groupservices.com\/","logo":{"@type":"ImageObject","inLanguage":"en-US","@id":"https:\/\/legacy-groupservices.com\/#\/schema\/logo\/image\/","url":"http:\/\/legacy-groupservices.com\/wp-content\/uploads\/2022\/02\/logoLegacy1080x1080.webp","contentUrl":"http:\/\/legacy-groupservices.com\/wp-content\/uploads\/2022\/02\/logoLegacy1080x1080.webp","width":1080,"height":1080,"caption":"Legacy Group Service"},"image":{"@id":"https:\/\/legacy-groupservices.com\/#\/schema\/logo\/image\/"}}]}},"_links":{"self":[{"href":"https:\/\/legacy-groupservices.com\/en\/wp-json\/wp\/v2\/pages\/196","targetHints":{"allow":["GET"]}}],"collection":[{"href":"https:\/\/legacy-groupservices.com\/en\/wp-json\/wp\/v2\/pages"}],"about":[{"href":"https:\/\/legacy-groupservices.com\/en\/wp-json\/wp\/v2\/types\/page"}],"author":[{"embeddable":true,"href":"https:\/\/legacy-groupservices.com\/en\/wp-json\/wp\/v2\/users\/1"}],"replies":[{"embeddable":true,"href":"https:\/\/legacy-groupservices.com\/en\/wp-json\/wp\/v2\/comments?post=196"}],"version-history":[{"count":62,"href":"https:\/\/legacy-groupservices.com\/en\/wp-json\/wp\/v2\/pages\/196\/revisions"}],"predecessor-version":[{"id":767,"href":"https:\/\/legacy-groupservices.com\/en\/wp-json\/wp\/v2\/pages\/196\/revisions\/767"}],"wp:featuredmedia":[{"embeddable":true,"href":"https:\/\/legacy-groupservices.com\/en\/wp-json\/wp\/v2\/media\/488"}],"wp:attachment":[{"href":"https:\/\/legacy-groupservices.com\/en\/wp-json\/wp\/v2\/media?parent=196"}],"curies":[{"name":"wp","href":"https:\/\/api.w.org\/{rel}","templated":true}]}}